{"id":1201,"date":"2021-03-23T13:21:53","date_gmt":"2021-03-23T12:21:53","guid":{"rendered":"https:\/\/www.stonek.sk\/?page_id=1201"},"modified":"2024-10-08T15:50:31","modified_gmt":"2024-10-08T13:50:31","slug":"dentalna-hygiena","status":"publish","type":"page","link":"https:\/\/www.stonek.sk\/en\/sluzby\/dentalna-hygiena\/","title":{"rendered":"Dental Hygiene"},"content":{"rendered":"<section data-vc-full-width=\"true\" data-vc-full-width-init=\"false\" class=\"vc_section text-color-light banner-pages vc_custom_1632852748116 vc_section-has-fill\"><div class=\"vc_row wpb_row vc_row-fluid vc_row_1623463999\" style=\"width: 100%; max-width: 1200px;margin-left: auto; margin-right: auto;\"><div class=\"wpb_column vc_column_container vc_col-sm-6\"><div class=\"vc_column-inner\"><div class=\"wpb_wrapper\"><h1 style=\"font-size: 38px;color: #ffffff;text-align: left\" class=\"vc_custom_heading\" >DENTAL HYGIENE<\/h1>\n\t<div class=\"wpb_text_column wpb_content_element\" >\n\t\t<div class=\"wpb_wrapper\">\n\t\t\t<p class=\"translation-block\"><span style=\"color: #ffffff\">\u2013<strong> Diagnostics and treatment <\/strong> of soft tissues \u2013 gingival bleeding and inflammations <br> \u2013 <strong>Removal of dental calculus <\/strong> with the help of a dental ultrasound units<br> \u2013 Removal of dental calculus with the help of special Gracey curettes<br> \u2013 <strong>Removal of plaque<\/strong> (sandblasting)<br> \u2013 Treatment of patients with orthodontic fixed apparatus<br> <\/span><\/p>\n\n\t\t<\/div>\n\t<\/div>\n<\/div><\/div><\/div><\/div><\/section><div class=\"vc_row-full-width vc_clearfix\"><\/div><section data-vc-full-width=\"true\" data-vc-full-width-init=\"false\" class=\"vc_section vc_custom_1632738820383\"><div class=\"vc_row wpb_row vc_row-fluid vc_row_229339375\" style=\"width: 100%; max-width: 1200px;margin-left: auto; margin-right: auto;\"><div class=\"wpb_column vc_column_container vc_col-sm-6 vc_column_1674909848\"><div class=\"vc_column-inner\"><div class=\"wpb_wrapper\">\n\t<div class=\"wpb_text_column wpb_content_element  vc_custom_1632852869898\" >\n\t\t<div class=\"wpb_wrapper\">\n\t\t\t<h3>PREVENTION<\/h3>\n<p class=\"translation-block\"><strong>\u2013 Instruction and demonstration of domestic hygiene for children and adults <\/strong><strong><br> \u2013 <\/strong><strong>Polishing of teeth<br> <\/strong><strong>\u2013 Removal of pigmentation with the use of AirFlow \u2013 teeth sanding <\/strong><br> <strong>\u2013 Teeth fluoridation <\/strong>and consultation <br> <strong>\u2013 Fissure sealing<\/strong><\/p>\n<h4><\/h4>\n<p>&nbsp;<\/p>\n<p>What to expect as a result of a visit to dental hygiene?<\/p>\n<p>Healthier and cleaner teeth, new information about dental care, gums and more.<\/p>\n\n\t\t<\/div>\n\t<\/div>\n<style type=\"text\/css\"> .vc_column_1674909848:not(.vc_parallax):not(.jarallax) { overflow: center!important; position: relative; }<\/style><\/div><\/div><\/div><div class=\"wpb_column vc_column_container vc_col-sm-6 vc_column_1052628653\"><div class=\"vc_column-inner\"><div class=\"wpb_wrapper\">\n\t<div  class=\"wpb_single_image wpb_content_element vc_align_center\">\n\t\t\n\t\t<figure class=\"wpb_wrapper vc_figure\">\n\t\t\t<div class=\"vc_single_image-wrapper   vc_box_border_grey\"><img loading=\"lazy\" decoding=\"async\" width=\"717\" height=\"508\" src=\"https:\/\/www.stonek.sk\/wp-content\/uploads\/2021\/07\/Dentalna-hygiena-Kosice-profesionalna-starostlivost.jpg\" class=\"vc_single_image-img attachment-large\" alt=\"Dentalna hygiena Kosice - profesionalna starostlivost\" srcset=\"https:\/\/www.stonek.sk\/wp-content\/uploads\/2021\/07\/Dentalna-hygiena-Kosice-profesionalna-starostlivost.jpg 717w, https:\/\/www.stonek.sk\/wp-content\/uploads\/2021\/07\/Dentalna-hygiena-Kosice-profesionalna-starostlivost-300x213.jpg 300w, https:\/\/www.stonek.sk\/wp-content\/uploads\/2021\/07\/Dentalna-hygiena-Kosice-profesionalna-starostlivost-16x12.jpg 16w, https:\/\/www.stonek.sk\/wp-content\/uploads\/2021\/07\/Dentalna-hygiena-Kosice-profesionalna-starostlivost-600x425.jpg 600w\" sizes=\"auto, (max-width: 717px) 100vw, 717px\" \/><\/div>\n\t\t<\/figure>\n\t<\/div>\n<style type=\"text\/css\"> .vc_column_1052628653:not(.vc_parallax):not(.jarallax) { overflow: center!important; position: relative; }<\/style><\/div><\/div><\/div><style type=\"text\/css\">@media (max-width: 800px) { #content .vc_row_229339375, .sh-footer-template .vc_row_229339375, .sh-header-template .vc_row_229339375 { padding: 1200!important;}}<\/style><\/div><\/section><div class=\"vc_row-full-width vc_clearfix\"><\/div>","protected":false},"excerpt":{"rendered":"DENT\u00c1LNA HYGIENA - Vy\u0161etrenie a lie\u010dba ochoren\u00ed m\u00e4kk\u00fdch tkan\u00edv: krv\u00e1canie \u010fasien, z\u00e1paly - Odstr\u00e1nenie zubn\u00e9ho kame\u0148a ultrazvukov\u00fdm pr\u00edstrojom - Odstr\u00e1nenie...","protected":false},"author":4,"featured_media":0,"parent":1209,"menu_order":0,"comment_status":"closed","ping_status":"closed","template":"","meta":{"footnotes":""},"class_list":["post-1201","page","type-page","status-publish","hentry"],"_links":{"self":[{"href":"https:\/\/www.stonek.sk\/en\/wp-json\/wp\/v2\/pages\/1201","targetHints":{"allow":["GET"]}}],"collection":[{"href":"https:\/\/www.stonek.sk\/en\/wp-json\/wp\/v2\/pages"}],"about":[{"href":"https:\/\/www.stonek.sk\/en\/wp-json\/wp\/v2\/types\/page"}],"author":[{"embeddable":true,"href":"https:\/\/www.stonek.sk\/en\/wp-json\/wp\/v2\/users\/4"}],"replies":[{"embeddable":true,"href":"https:\/\/www.stonek.sk\/en\/wp-json\/wp\/v2\/comments?post=1201"}],"version-history":[{"count":27,"href":"https:\/\/www.stonek.sk\/en\/wp-json\/wp\/v2\/pages\/1201\/revisions"}],"predecessor-version":[{"id":2360,"href":"https:\/\/www.stonek.sk\/en\/wp-json\/wp\/v2\/pages\/1201\/revisions\/2360"}],"up":[{"embeddable":true,"href":"https:\/\/www.stonek.sk\/en\/wp-json\/wp\/v2\/pages\/1209"}],"wp:attachment":[{"href":"https:\/\/www.stonek.sk\/en\/wp-json\/wp\/v2\/media?parent=1201"}],"curies":[{"name":"wp","href":"https:\/\/api.w.org\/{rel}","templated":true}]}}