{"id":1749,"date":"2021-08-22T11:34:08","date_gmt":"2021-08-22T09:34:08","guid":{"rendered":"https:\/\/www.stonek.sk\/?page_id=1749"},"modified":"2024-10-08T15:33:37","modified_gmt":"2024-10-08T13:33:37","slug":"parodontologia","status":"publish","type":"page","link":"https:\/\/www.stonek.sk\/en\/sluzby\/parodontologia\/","title":{"rendered":"Periodontology"},"content":{"rendered":"<section data-vc-full-width=\"true\" data-vc-full-width-init=\"false\" class=\"vc_section text-color-light banner-pages vc_custom_1632861481790 vc_section-has-fill\"><div class=\"vc_row wpb_row vc_row-fluid vc_row_1600166498\" style=\"width: 100%; max-width: 1200px;margin-left: auto; margin-right: auto;\"><div class=\"wpb_column vc_column_container vc_col-sm-6\"><div class=\"vc_column-inner\"><div class=\"wpb_wrapper\"><h1 style=\"font-size: 38px;color: #ffffff;text-align: left\" class=\"vc_custom_heading\" >PARODONTOLOGY<\/h1>\n\t<div class=\"wpb_text_column wpb_content_element\" >\n\t\t<div class=\"wpb_wrapper\">\n\t\t\t<p><span style=\"color: #ffffff;\">&#8211; V\u010dasn\u00e1, cielen\u00e1 diagnostika pomocou laborat\u00f3rnych mikrobiologick\u00fdch a genetick\u00fdch testov, zis\u0165ovanie genetick\u00e9ho rizika pacienta<br \/>\n&#8211; Lie\u010dba parodontit\u00eddy na z\u00e1klade najnov\u0161\u00edch poznatkov<br \/>\n&#8211; Chirurgick\u00e1, implantologick\u00e1 a protetick\u00e1 lie\u010dba pacientov s parodont\u00e1lnymi ochoreniami<br \/>\n&#8211; Riaden\u00e1 kostn\u00e1 regener\u00e1cia parodont\u00e1lnych defektov, aplik\u00e1cia \u0161tepov<br \/>\n&#8211; Korekcie recesov, v\u00e4zivov\u00fdch \u00faponov, hyperpl\u00e1zi\u00ed a podobne<\/span><\/p>\n\n\t\t<\/div>\n\t<\/div>\n<\/div><\/div><\/div><div class=\"wpb_column vc_column_container vc_col-sm-6 vc_column_1572741116\"><div class=\"vc_column-inner\"><div class=\"wpb_wrapper\"><style type=\"text\/css\"> .vc_column_1572741116:not(.vc_parallax):not(.jarallax) { overflow: center!important; position: relative; }<\/style><\/div><\/div><\/div><\/div><\/section><div class=\"vc_row-full-width vc_clearfix\"><\/div><section data-vc-full-width=\"true\" data-vc-full-width-init=\"false\" class=\"vc_section vc_custom_1632862190705 vc_section-has-fill\"><div class=\"vc_row wpb_row vc_row-fluid vc_custom_1632862178492 vc_row_446995258\"><div class=\"wpb_column vc_column_container vc_col-sm-12 vc_column_1535267506\"><div class=\"vc_column-inner\"><div class=\"wpb_wrapper\">\n\t<div class=\"wpb_text_column wpb_content_element\" >\n\t\t<div class=\"wpb_wrapper\">\n\t\t\t<h2 style=\"text-align: center;\">PONUKA DOPLNKOV\u00ddCH SLU\u017dIEB<\/h2>\n\n\t\t<\/div>\n\t<\/div>\n<style type=\"text\/css\"> .vc_column_1535267506:not(.vc_parallax):not(.jarallax) { overflow: center!important; position: relative; }<\/style><\/div><\/div><\/div><\/div><div class=\"vc_row wpb_row vc_row-fluid vc_column-gap-30 vc_row_476085408\" style=\"width: 100%; max-width: 1200px;margin-left: auto; margin-right: auto;\"><div class=\"wpb_column vc_column_container vc_col-sm-6 vc_column_687727328\"><div class=\"vc_column-inner\"><div class=\"wpb_wrapper\">\n\t<div class=\"wpb_text_column wpb_content_element  vc_custom_1632861627783\" >\n\t\t<div class=\"wpb_wrapper\">\n\t\t\t<h4>DNA anal\u00fdza paro-patog\u00e9nnych bakt\u00e9ri\u00ed (Dental BAC)<\/h4>\n<p>Jedn\u00fdm zo z\u00e1sadn\u00fdch rizikov\u00fdch faktorov vzniku a zotrv\u00e1vania procesu parodontit\u00eddy je pr\u00edtomnos\u0165 agres\u00edvnych tzv. paropatog\u00e9nnych bakt\u00e9ri\u00ed.<\/p>\n<p>R\u00f4zne skupiny paropatog\u00e9nnych bakt\u00e9ri\u00ed s\u00fa na z\u00e1klade spolo\u010dn\u00fdch vlastnost\u00ed zaraden\u00e9 do podskup\u00edn, resp. komplexov. Diagnostiku jednotliv\u00fdch patog\u00e9nnych bakt\u00e9ri\u00ed umo\u017e\u0148uj\u00fa genetick\u00e9 testy, ktor\u00e9 exaktne stanovuj\u00fa pr\u00edtomnos\u0165 patog\u00e9nov a zabezpe\u010duj\u00fa cielen\u00fa lie\u010dbu parodontit\u00eddy, ktor\u00fa sp\u00f4sobuj\u00fa.<\/p>\n<p>V\u00fdber individu\u00e1lnej terapie pacienta je v\u017edy z\u00e1visl\u00fd od klinick\u00e9ho stavu a od v\u00fdsledku detekcie bakt\u00e9ri\u00ed vysokej patogenity, pri\u010dom sa \u0161tandardne jedn\u00e1 o kombin\u00e1ciu mechanickej a antibiotickej lie\u010dby.<\/p>\n\n\t\t<\/div>\n\t<\/div>\n<style type=\"text\/css\"> .vc_column_687727328:not(.vc_parallax):not(.jarallax) { overflow: center!important; position: relative; }<\/style><\/div><\/div><\/div><div class=\"wpb_column vc_column_container vc_col-sm-6 vc_column_50380315\"><div class=\"vc_column-inner\"><div class=\"wpb_wrapper\">\n\t<div class=\"wpb_text_column wpb_content_element\" >\n\t\t<div class=\"wpb_wrapper\">\n\t\t\t<h4>Anal\u00fdza genetickej predispoz\u00edcie parodontit\u00eddy (Dental GEN\u00ae)<\/h4>\n<p>Imunitn\u00fa odpove\u010f organizmu v r\u00e1mci napadnut\u00e9ho tkaniva sp\u00f4sobuj\u00fa r\u00f4zne poruchy funkci\u00ed imunitn\u00e9ho syst\u00e9mu. Stimul\u00e1ciu imunitnej odpovede zabezpe\u010duj\u00fa predov\u0161etk\u00fdm poz\u00e1palov\u00e9 faktory ved\u00face k produkcii \u0161pecifick\u00fdch protil\u00e1tok a biologick\u00fdch medi\u00e1torov, ktor\u00e9 anal\u00fdza genetickej predispoz\u00edcie je schopn\u00e1 detekova\u0165. Tak napom\u00e1ha ur\u010dova\u0165 predispoz\u00edcie organizmu v r\u00e1mci imunitnej odpovede vo\u010di patog\u00e9nnym bakt\u00e9ri\u00e1m a ich tox\u00ednom.<\/p>\n\n\t\t<\/div>\n\t<\/div>\n<style type=\"text\/css\"> .vc_column_50380315:not(.vc_parallax):not(.jarallax) { overflow: center!important; position: relative; }<\/style><\/div><\/div><\/div><style type=\"text\/css\">@media (max-width: 800px) { #content .vc_row_476085408, .sh-footer-template .vc_row_476085408, .sh-header-template .vc_row_476085408 { padding: 1200!important;}}<\/style><\/div><\/section><div class=\"vc_row-full-width vc_clearfix\"><\/div><section data-vc-full-width=\"true\" data-vc-full-width-init=\"false\" class=\"vc_section vc_custom_1632862239501\"><div class=\"vc_row wpb_row vc_row-fluid vc_custom_1633552631963 vc_row_1705262076\" style=\"width: 100%; max-width: 1200px;margin-left: auto; margin-right: auto;\"><div class=\"wpb_column vc_column_container vc_col-sm-12 vc_column_1822695737\"><div class=\"vc_column-inner\"><div class=\"wpb_wrapper\">\n\t<div class=\"wpb_text_column wpb_content_element\" >\n\t\t<div class=\"wpb_wrapper\">\n\t\t\t<h4 style=\"text-align: left;\">KOREKCIA RECESOV<\/h4>\n\n\t\t<\/div>\n\t<\/div>\n\r\n            <style media=\"screen\">\r\n                                    #sh-image-gallery-simple-IuOAiKBxSw {\r\n                        margin: 0 -15px;\r\n                    }\r\n\r\n                    #sh-image-gallery-simple-IuOAiKBxSw .sh-image-gallery-item {\r\n                        padding: 15px;\r\n                    }\r\n                \r\n                #sh-image-gallery-simple-IuOAiKBxSw .sh-gallery-item {\r\n                    border-radius: 0px;\r\n                }\r\n            <\/style>\r\n\r\n            <div id=\"sh-image-gallery-simple-IuOAiKBxSw\" class=\"sh-image-gallery-simple sh-image-gallery-simple-overlay-on sh-image-gallery-simple-3columns\">\r\n                                    \r\n                        <div class=\"sh-image-gallery-item\">\r\n                \t\t\t<div class=\"sh-gallery-item\">\r\n                \t\t\t\t<div class=\"post-meta-thumb\">\r\n                \t\t\t\t\t<img decoding=\"async\" src=\"https:\/\/www.stonek.sk\/wp-content\/uploads\/2021\/08\/Korekcie-recesov-Stonek-zubar-Kosice-MUDr.-Kucera-Jan.jpg\" alt=\"Korekcie recesov &#8211; Stonek &#8211; zubar Kosice &#8211; MUDr. Kucera Jan\" \/>\r\n\r\n                                                                                                                <a class=\"sh-overlay-style2\"  href=\"https:\/\/www.stonek.sk\/wp-content\/uploads\/2021\/08\/Korekcie-recesov-Stonek-zubar-Kosice-MUDr.-Kucera-Jan.jpg\" data-rel=\"lightcase:imgCollectionsh-image-gallery-simple-IuOAiKBxSw\">\r\n                                            <div class=\"sh-overlay-item\">\r\n                                                <div class=\"sh-overlay-item-open\"><\/div>\r\n                                            <\/div>\r\n                                        <\/a>\r\n                                    \r\n                \t\t\t\t<\/div>\r\n                \t\t\t<\/div>\r\n                \t\t<\/div>\r\n\r\n                    \r\n                        <div class=\"sh-image-gallery-item\">\r\n                \t\t\t<div class=\"sh-gallery-item\">\r\n                \t\t\t\t<div class=\"post-meta-thumb\">\r\n                \t\t\t\t\t<img decoding=\"async\" src=\"https:\/\/www.stonek.sk\/wp-content\/uploads\/2021\/08\/Korekcie-recesov-Stonek-zubny-lekar-Kosice-MUDr.-Kucera-Jan.jpg\" alt=\"Korekcie recesov &#8211; Stonek zubny lekar Kosice &#8211; MUDr. Kucera Jan\" \/>\r\n\r\n                                                                                                                <a class=\"sh-overlay-style2\"  href=\"https:\/\/www.stonek.sk\/wp-content\/uploads\/2021\/08\/Korekcie-recesov-Stonek-zubny-lekar-Kosice-MUDr.-Kucera-Jan.jpg\" data-rel=\"lightcase:imgCollectionsh-image-gallery-simple-IuOAiKBxSw\">\r\n                                            <div class=\"sh-overlay-item\">\r\n                                                <div class=\"sh-overlay-item-open\"><\/div>\r\n                                            <\/div>\r\n                                        <\/a>\r\n                                    \r\n                \t\t\t\t<\/div>\r\n                \t\t\t<\/div>\r\n                \t\t<\/div>\r\n\r\n                    \r\n                        <div class=\"sh-image-gallery-item\">\r\n                \t\t\t<div class=\"sh-gallery-item\">\r\n                \t\t\t\t<div class=\"post-meta-thumb\">\r\n                \t\t\t\t\t<img decoding=\"async\" src=\"https:\/\/www.stonek.sk\/wp-content\/uploads\/2021\/08\/Korekcie-recesov-Stonek-zubna-ambulancia-Kosice.jpg\" alt=\"Korekcie recesov &#8211; Stonek zubna ambulancia Kosice\" \/>\r\n\r\n                                                                                                                <a class=\"sh-overlay-style2\"  href=\"https:\/\/www.stonek.sk\/wp-content\/uploads\/2021\/08\/Korekcie-recesov-Stonek-zubna-ambulancia-Kosice.jpg\" data-rel=\"lightcase:imgCollectionsh-image-gallery-simple-IuOAiKBxSw\">\r\n                                            <div class=\"sh-overlay-item\">\r\n                                                <div class=\"sh-overlay-item-open\"><\/div>\r\n                                            <\/div>\r\n                                        <\/a>\r\n                                    \r\n                \t\t\t\t<\/div>\r\n                \t\t\t<\/div>\r\n                \t\t<\/div>\r\n\r\n                                                <\/div>\r\n\r\n        <style type=\"text\/css\"> .vc_column_1822695737:not(.vc_parallax):not(.jarallax) { overflow: center!important; position: relative; }<\/style><\/div><\/div><\/div><\/div><div class=\"vc_row wpb_row vc_row-fluid vc_column-gap-30 vc_row_274967872\" style=\"width: 100%; max-width: 1200px;margin-left: auto; margin-right: auto;\"><div class=\"wpb_column vc_column_container vc_col-sm-4 vc_column_142620288\"><div class=\"vc_column-inner\"><div class=\"wpb_wrapper\">\n\t<div class=\"wpb_text_column wpb_content_element\" >\n\t\t<div class=\"wpb_wrapper\">\n\t\t\t<h4 style=\"text-align: left;\">KOREKCIA RECESOV<\/h4>\n\n\t\t<\/div>\n\t<\/div>\n\r\n            <style media=\"screen\">\r\n                                    #sh-image-gallery-simple-pdQcT9GlH7 {\r\n                        margin: 0 -5px;\r\n                    }\r\n\r\n                    #sh-image-gallery-simple-pdQcT9GlH7 .sh-image-gallery-item {\r\n                        padding: 5px;\r\n                    }\r\n                \r\n                #sh-image-gallery-simple-pdQcT9GlH7 .sh-gallery-item {\r\n                    border-radius: 0px;\r\n                }\r\n            <\/style>\r\n\r\n            <div id=\"sh-image-gallery-simple-pdQcT9GlH7\" class=\"sh-image-gallery-simple sh-image-gallery-simple-overlay-on sh-image-gallery-simple-2columns\">\r\n                                    \r\n                        <div class=\"sh-image-gallery-item\">\r\n                \t\t\t<div class=\"sh-gallery-item\">\r\n                \t\t\t\t<div class=\"post-meta-thumb\">\r\n                \t\t\t\t\t<img decoding=\"async\" src=\"https:\/\/www.stonek.sk\/wp-content\/uploads\/2021\/08\/Korekcie-recesov-parodontologia-Stonek-Kosice-Kriva-23.jpg\" alt=\"Korekcie recesov &#8211; parodontologia Stonek Kosice Kriva 23\" \/>\r\n\r\n                                                                                                                <a class=\"sh-overlay-style2\"  href=\"https:\/\/www.stonek.sk\/wp-content\/uploads\/2021\/08\/Korekcie-recesov-parodontologia-Stonek-Kosice-Kriva-23.jpg\" data-rel=\"lightcase:imgCollectionsh-image-gallery-simple-pdQcT9GlH7\">\r\n                                            <div class=\"sh-overlay-item\">\r\n                                                <div class=\"sh-overlay-item-open\"><\/div>\r\n                                            <\/div>\r\n                                        <\/a>\r\n                                    \r\n                \t\t\t\t<\/div>\r\n                \t\t\t<\/div>\r\n                \t\t<\/div>\r\n\r\n                    \r\n                        <div class=\"sh-image-gallery-item\">\r\n                \t\t\t<div class=\"sh-gallery-item\">\r\n                \t\t\t\t<div class=\"post-meta-thumb\">\r\n                \t\t\t\t\t<img decoding=\"async\" src=\"https:\/\/www.stonek.sk\/wp-content\/uploads\/2021\/08\/Korekcie-recesov-parodontologia-Stonek-Kosice.jpg\" alt=\"Korekcie recesov &#8211; parodontologia Stonek Kosice\" \/>\r\n\r\n                                                                                                                <a class=\"sh-overlay-style2\"  href=\"https:\/\/www.stonek.sk\/wp-content\/uploads\/2021\/08\/Korekcie-recesov-parodontologia-Stonek-Kosice.jpg\" data-rel=\"lightcase:imgCollectionsh-image-gallery-simple-pdQcT9GlH7\">\r\n                                            <div class=\"sh-overlay-item\">\r\n                                                <div class=\"sh-overlay-item-open\"><\/div>\r\n                                            <\/div>\r\n                                        <\/a>\r\n                                    \r\n                \t\t\t\t<\/div>\r\n                \t\t\t<\/div>\r\n                \t\t<\/div>\r\n\r\n                                                <\/div>\r\n\r\n        <style type=\"text\/css\"> .vc_column_142620288:not(.vc_parallax):not(.jarallax) { overflow: center!important; position: relative; }<\/style><\/div><\/div><\/div><div class=\"wpb_column vc_column_container vc_col-sm-4 vc_column_1537758364\"><div class=\"vc_column-inner\"><div class=\"wpb_wrapper\">\n\t<div class=\"wpb_text_column wpb_content_element\" >\n\t\t<div class=\"wpb_wrapper\">\n\t\t\t<h4>RIADEN\u00c1 KOSTN\u00c1 REGENER\u00c1CIA<\/h4>\n\n\t\t<\/div>\n\t<\/div>\n\r\n            <style media=\"screen\">\r\n                                    #sh-image-gallery-simple-pz3YwToi5J {\r\n                        margin: 0 -5px;\r\n                    }\r\n\r\n                    #sh-image-gallery-simple-pz3YwToi5J .sh-image-gallery-item {\r\n                        padding: 5px;\r\n                    }\r\n                \r\n                #sh-image-gallery-simple-pz3YwToi5J .sh-gallery-item {\r\n                    border-radius: 0px;\r\n                }\r\n            <\/style>\r\n\r\n            <div id=\"sh-image-gallery-simple-pz3YwToi5J\" class=\"sh-image-gallery-simple sh-image-gallery-simple-overlay-on sh-image-gallery-simple-2columns\">\r\n                                    \r\n                        <div class=\"sh-image-gallery-item\">\r\n                \t\t\t<div class=\"sh-gallery-item\">\r\n                \t\t\t\t<div class=\"post-meta-thumb\">\r\n                \t\t\t\t\t<img decoding=\"async\" src=\"https:\/\/www.stonek.sk\/wp-content\/uploads\/2021\/08\/Riadena-kostna-regeneracia-Stonek-MUDr.-Kucera-Jan.jpg\" alt=\"Riadena kostna regeneracia &#8211; Stonek &#8211; MUDr. Kucera Jan\" \/>\r\n\r\n                                                                                                                <a class=\"sh-overlay-style2\"  href=\"https:\/\/www.stonek.sk\/wp-content\/uploads\/2021\/08\/Riadena-kostna-regeneracia-Stonek-MUDr.-Kucera-Jan.jpg\" data-rel=\"lightcase:imgCollectionsh-image-gallery-simple-pz3YwToi5J\">\r\n                                            <div class=\"sh-overlay-item\">\r\n                                                <div class=\"sh-overlay-item-open\"><\/div>\r\n                                            <\/div>\r\n                                        <\/a>\r\n                                    \r\n                \t\t\t\t<\/div>\r\n                \t\t\t<\/div>\r\n                \t\t<\/div>\r\n\r\n                    \r\n                        <div class=\"sh-image-gallery-item\">\r\n                \t\t\t<div class=\"sh-gallery-item\">\r\n                \t\t\t\t<div class=\"post-meta-thumb\">\r\n                \t\t\t\t\t<img decoding=\"async\" src=\"https:\/\/www.stonek.sk\/wp-content\/uploads\/2021\/08\/Parodontologia-rontgeny-Stonek-sluzby-v-Kosiciach.jpg\" alt=\"Parodontologia &#8211; rontgeny &#8211; Stonek sluzby v Kosiciach\" \/>\r\n\r\n                                                                                                                <a class=\"sh-overlay-style2\"  href=\"https:\/\/www.stonek.sk\/wp-content\/uploads\/2021\/08\/Parodontologia-rontgeny-Stonek-sluzby-v-Kosiciach.jpg\" data-rel=\"lightcase:imgCollectionsh-image-gallery-simple-pz3YwToi5J\">\r\n                                            <div class=\"sh-overlay-item\">\r\n                                                <div class=\"sh-overlay-item-open\"><\/div>\r\n                                            <\/div>\r\n                                        <\/a>\r\n                                    \r\n                \t\t\t\t<\/div>\r\n                \t\t\t<\/div>\r\n                \t\t<\/div>\r\n\r\n                                                <\/div>\r\n\r\n        <style type=\"text\/css\"> .vc_column_1537758364:not(.vc_parallax):not(.jarallax) { overflow: center!important; position: relative; }<\/style><\/div><\/div><\/div><div class=\"wpb_column vc_column_container vc_col-sm-4 vc_column_810423993\"><div class=\"vc_column-inner\"><div class=\"wpb_wrapper\">\n\t<div class=\"wpb_text_column wpb_content_element\" >\n\t\t<div class=\"wpb_wrapper\">\n\t\t\t<h4>APLIK\u00c1CIA \u0160TEPOV<\/h4>\n\n\t\t<\/div>\n\t<\/div>\n\r\n            <style media=\"screen\">\r\n                                    #sh-image-gallery-simple-S7r9kxJTtN {\r\n                        margin: 0 -5px;\r\n                    }\r\n\r\n                    #sh-image-gallery-simple-S7r9kxJTtN .sh-image-gallery-item {\r\n                        padding: 5px;\r\n                    }\r\n                \r\n                #sh-image-gallery-simple-S7r9kxJTtN .sh-gallery-item {\r\n                    border-radius: 0px;\r\n                }\r\n            <\/style>\r\n\r\n            <div id=\"sh-image-gallery-simple-S7r9kxJTtN\" class=\"sh-image-gallery-simple sh-image-gallery-simple-overlay-on sh-image-gallery-simple-2columns\">\r\n                                    \r\n                        <div class=\"sh-image-gallery-item\">\r\n                \t\t\t<div class=\"sh-gallery-item\">\r\n                \t\t\t\t<div class=\"post-meta-thumb\">\r\n                \t\t\t\t\t<img decoding=\"async\" src=\"https:\/\/www.stonek.sk\/wp-content\/uploads\/2021\/08\/Aplikacia-stepov-parodontologia-Kosice-Stonek-MUDr.-Kucera-Jan.jpg\" alt=\"Aplikacia stepov &#8211; parodontologia Kosice &#8211; Stonek &#8211; MUDr. Kucera Jan\" \/>\r\n\r\n                                                                                                                <a class=\"sh-overlay-style2\"  href=\"https:\/\/www.stonek.sk\/wp-content\/uploads\/2021\/08\/Aplikacia-stepov-parodontologia-Kosice-Stonek-MUDr.-Kucera-Jan.jpg\" data-rel=\"lightcase:imgCollectionsh-image-gallery-simple-S7r9kxJTtN\">\r\n                                            <div class=\"sh-overlay-item\">\r\n                                                <div class=\"sh-overlay-item-open\"><\/div>\r\n                                            <\/div>\r\n                                        <\/a>\r\n                                    \r\n                \t\t\t\t<\/div>\r\n                \t\t\t<\/div>\r\n                \t\t<\/div>\r\n\r\n                    \r\n                        <div class=\"sh-image-gallery-item\">\r\n                \t\t\t<div class=\"sh-gallery-item\">\r\n                \t\t\t\t<div class=\"post-meta-thumb\">\r\n                \t\t\t\t\t<img decoding=\"async\" src=\"https:\/\/www.stonek.sk\/wp-content\/uploads\/2021\/08\/Aplikacia-stepov-parodontologia-Kosice-Stonek-s.r.o_.jpg\" alt=\"Aplikacia stepov &#8211; parodontologia Kosice &#8211; Stonek s.r.o_\" \/>\r\n\r\n                                                                                                                <a class=\"sh-overlay-style2\"  href=\"https:\/\/www.stonek.sk\/wp-content\/uploads\/2021\/08\/Aplikacia-stepov-parodontologia-Kosice-Stonek-s.r.o_.jpg\" data-rel=\"lightcase:imgCollectionsh-image-gallery-simple-S7r9kxJTtN\">\r\n                                            <div class=\"sh-overlay-item\">\r\n                                                <div class=\"sh-overlay-item-open\"><\/div>\r\n                                            <\/div>\r\n                                        <\/a>\r\n                                    \r\n                \t\t\t\t<\/div>\r\n                \t\t\t<\/div>\r\n                \t\t<\/div>\r\n\r\n                                                <\/div>\r\n\r\n        <style type=\"text\/css\"> .vc_column_810423993:not(.vc_parallax):not(.jarallax) { overflow: center!important; position: relative; }<\/style><\/div><\/div><\/div><style type=\"text\/css\">@media (max-width: 800px) { #content .vc_row_274967872, .sh-footer-template .vc_row_274967872, .sh-header-template .vc_row_274967872 { padding: 1200!important;}}<\/style><\/div><\/section><div class=\"vc_row-full-width vc_clearfix\"><\/div>","protected":false},"excerpt":{"rendered":"","protected":false},"author":4,"featured_media":0,"parent":1209,"menu_order":0,"comment_status":"closed","ping_status":"closed","template":"","meta":{"footnotes":""},"class_list":["post-1749","page","type-page","status-publish","hentry"],"_links":{"self":[{"href":"https:\/\/www.stonek.sk\/en\/wp-json\/wp\/v2\/pages\/1749","targetHints":{"allow":["GET"]}}],"collection":[{"href":"https:\/\/www.stonek.sk\/en\/wp-json\/wp\/v2\/pages"}],"about":[{"href":"https:\/\/www.stonek.sk\/en\/wp-json\/wp\/v2\/types\/page"}],"author":[{"embeddable":true,"href":"https:\/\/www.stonek.sk\/en\/wp-json\/wp\/v2\/users\/4"}],"replies":[{"embeddable":true,"href":"https:\/\/www.stonek.sk\/en\/wp-json\/wp\/v2\/comments?post=1749"}],"version-history":[{"count":14,"href":"https:\/\/www.stonek.sk\/en\/wp-json\/wp\/v2\/pages\/1749\/revisions"}],"predecessor-version":[{"id":2266,"href":"https:\/\/www.stonek.sk\/en\/wp-json\/wp\/v2\/pages\/1749\/revisions\/2266"}],"up":[{"embeddable":true,"href":"https:\/\/www.stonek.sk\/en\/wp-json\/wp\/v2\/pages\/1209"}],"wp:attachment":[{"href":"https:\/\/www.stonek.sk\/en\/wp-json\/wp\/v2\/media?parent=1749"}],"curies":[{"name":"wp","href":"https:\/\/api.w.org\/{rel}","templated":true}]}}