{"id":1775,"date":"2021-08-26T08:53:30","date_gmt":"2021-08-26T06:53:30","guid":{"rendered":"https:\/\/www.stonek.sk\/?page_id=1775"},"modified":"2024-10-08T15:53:49","modified_gmt":"2024-10-08T13:53:49","slug":"zobrazovacie-techniky-pracoviska","status":"publish","type":"page","link":"https:\/\/www.stonek.sk\/en\/sluzby\/zobrazovacie-techniky-pracoviska\/","title":{"rendered":"Visualization methods in the clinic"},"content":{"rendered":"<section data-vc-full-width=\"true\" data-vc-full-width-init=\"false\" class=\"vc_section text-color-light banner-pages vc_custom_1632750246070 vc_section-has-fill\"><div class=\"vc_row wpb_row vc_row-fluid vc_row_1184160764\" style=\"width: 100%; max-width: 1200px;margin-left: auto; margin-right: auto;\"><div class=\"wpb_column vc_column_container vc_col-sm-6\"><div class=\"vc_column-inner\"><div class=\"wpb_wrapper\"><h1 style=\"font-size: 38px;color: #ffffff;text-align: left\" class=\"vc_custom_heading\" >VISUALIZATION METHODS IN THE CLINIC<\/h1>\n\t<div class=\"wpb_text_column wpb_content_element\" >\n\t\t<div class=\"wpb_wrapper\">\n\t\t\t<p><span style=\"color: #ffffff;\">All offices of our clinic are equipped with X-rays. The clinic has a panoramic X-ray device MYRAY for the production of OPG and 3D CT scans.<\/span><\/p>\n\n\t\t<\/div>\n\t<\/div>\n<\/div><\/div><\/div><div class=\"wpb_column vc_column_container vc_col-sm-6 vc_column_430770759\"><div class=\"vc_column-inner\"><div class=\"wpb_wrapper\"><style type=\"text\/css\"> .vc_column_430770759:not(.vc_parallax):not(.jarallax) { overflow: center!important; position: relative; }<\/style><\/div><\/div><\/div><\/div><\/section><div class=\"vc_row-full-width vc_clearfix\"><\/div><section data-vc-full-width=\"true\" data-vc-full-width-init=\"false\" class=\"vc_section vc_custom_1632738820383\"><div class=\"vc_row wpb_row vc_row-fluid vc_row_708024022\" style=\"width: 100%; max-width: 1200px;margin-left: auto; margin-right: auto;\"><div class=\"wpb_column vc_column_container vc_col-sm-8 vc_column_1919893974\"><div class=\"vc_column-inner\"><div class=\"wpb_wrapper\">\n\t<div class=\"wpb_text_column wpb_content_element  vc_custom_1633636873531\" >\n\t\t<div class=\"wpb_wrapper\">\n\t\t\t<p>Dentistry is closely linked with X-ray diagnostics; therefore, visualization methods represent an inseparable part of dentistry. X-ray diagnostics is often essential if we want to define the diagnosis and its subsequent treatment.<\/p>\n<p>X-rays offer 2D visualization of a given area as well as a very quick diagnostics of:<\/p>\n<p class=\"translation-block\">\u2013 caries in interdental spaces and under fillings, which are not visible to the eye<br>  \u2013 chronic inflammation changes around roots, cysts<br> \u2013 right endodontic treatment<br> \u2013 position of unerupted wisdom teeth<br> \u2013 fracture in jaws or mandibula and many more.<\/p>\n<p>&nbsp;<\/p>\n<p>All officies of our clinic are equipped with\u00a0<em>r\u00f6ntgenom \u2013 Gender expert, Hyper Sphere a RVG syst\u00e9mom TROPHY a SUNI<\/em>. With their help, we can do an X-ray immediately, followed by a quick diagnosis. If the X-rays are connected to a computer, such an X-ray performance is minimally risky. Using the\u00a0<em>SUNI<\/em>\u00a0intraoral camera, you can see the actual condition of the patient's mouth, change the patient's details of their teeth, and map the condition in the oral cavity.<\/p>\n<p>The clinic has a panoramic X-ray device\u00a0<em>MYRAY<\/em>\u00a0for making\u00a0<em>OPG and 3D CT scans.<\/em>.<\/p>\n\n\t\t<\/div>\n\t<\/div>\n<style type=\"text\/css\"> .vc_column_1919893974:not(.vc_parallax):not(.jarallax) { overflow: center!important; position: relative; }<\/style><\/div><\/div><\/div><div class=\"wpb_column vc_column_container vc_col-sm-4 vc_column_1427942814\"><div class=\"vc_column-inner\"><div class=\"wpb_wrapper\">\n\t<div  class=\"wpb_single_image wpb_content_element vc_align_left\">\n\t\t\n\t\t<figure class=\"wpb_wrapper vc_figure\">\n\t\t\t<div class=\"vc_single_image-wrapper   vc_box_border_grey\"><img loading=\"lazy\" decoding=\"async\" width=\"501\" height=\"500\" src=\"https:\/\/www.stonek.sk\/wp-content\/uploads\/2021\/08\/Rontgeny-ambulancii-Stonek-v-Kosiciach-detailne-urcenie-diagnozy-MUDr.-Kucera-Jan-PhD.jpg\" class=\"vc_single_image-img attachment-large\" alt=\"Rontgen ambulancii Stonek v Kosiciach - detailne urcenie diagnozy - MUDr. Kucera Jan PhD\" srcset=\"https:\/\/www.stonek.sk\/wp-content\/uploads\/2021\/08\/Rontgeny-ambulancii-Stonek-v-Kosiciach-detailne-urcenie-diagnozy-MUDr.-Kucera-Jan-PhD.jpg 501w, https:\/\/www.stonek.sk\/wp-content\/uploads\/2021\/08\/Rontgeny-ambulancii-Stonek-v-Kosiciach-detailne-urcenie-diagnozy-MUDr.-Kucera-Jan-PhD-300x300.jpg 300w, https:\/\/www.stonek.sk\/wp-content\/uploads\/2021\/08\/Rontgeny-ambulancii-Stonek-v-Kosiciach-detailne-urcenie-diagnozy-MUDr.-Kucera-Jan-PhD-150x150.jpg 150w, https:\/\/www.stonek.sk\/wp-content\/uploads\/2021\/08\/Rontgeny-ambulancii-Stonek-v-Kosiciach-detailne-urcenie-diagnozy-MUDr.-Kucera-Jan-PhD-12x12.jpg 12w, https:\/\/www.stonek.sk\/wp-content\/uploads\/2021\/08\/Rontgeny-ambulancii-Stonek-v-Kosiciach-detailne-urcenie-diagnozy-MUDr.-Kucera-Jan-PhD-100x100.jpg 100w\" sizes=\"auto, (max-width: 501px) 100vw, 501px\" \/><\/div>\n\t\t<\/figure>\n\t<\/div>\n<style type=\"text\/css\"> .vc_column_1427942814:not(.vc_parallax):not(.jarallax) { overflow: center!important; position: relative; }<\/style><\/div><\/div><\/div><style type=\"text\/css\">@media (max-width: 800px) { #content .vc_row_708024022, .sh-footer-template .vc_row_708024022, .sh-header-template .vc_row_708024022 { padding: 1200!important;}}<\/style><\/div><\/section><div class=\"vc_row-full-width vc_clearfix\"><\/div>","protected":false},"excerpt":{"rendered":"ZOBRAZOVACIE TECHNIKY PRACOVISKA V\u0161etky ambulancie s\u00fa vybaven\u00e9 r\u00f6ntgenom. Pracovisko disponuje panoramatick\u00fdm r\u00f6ntgenov\u00fdm zariaden\u00edm MYRAY na zhotovenie OPG a 3D CT...","protected":false},"author":4,"featured_media":0,"parent":1209,"menu_order":0,"comment_status":"closed","ping_status":"closed","template":"","meta":{"footnotes":""},"class_list":["post-1775","page","type-page","status-publish","hentry"],"_links":{"self":[{"href":"https:\/\/www.stonek.sk\/en\/wp-json\/wp\/v2\/pages\/1775","targetHints":{"allow":["GET"]}}],"collection":[{"href":"https:\/\/www.stonek.sk\/en\/wp-json\/wp\/v2\/pages"}],"about":[{"href":"https:\/\/www.stonek.sk\/en\/wp-json\/wp\/v2\/types\/page"}],"author":[{"embeddable":true,"href":"https:\/\/www.stonek.sk\/en\/wp-json\/wp\/v2\/users\/4"}],"replies":[{"embeddable":true,"href":"https:\/\/www.stonek.sk\/en\/wp-json\/wp\/v2\/comments?post=1775"}],"version-history":[{"count":7,"href":"https:\/\/www.stonek.sk\/en\/wp-json\/wp\/v2\/pages\/1775\/revisions"}],"predecessor-version":[{"id":2219,"href":"https:\/\/www.stonek.sk\/en\/wp-json\/wp\/v2\/pages\/1775\/revisions\/2219"}],"up":[{"embeddable":true,"href":"https:\/\/www.stonek.sk\/en\/wp-json\/wp\/v2\/pages\/1209"}],"wp:attachment":[{"href":"https:\/\/www.stonek.sk\/en\/wp-json\/wp\/v2\/media?parent=1775"}],"curies":[{"name":"wp","href":"https:\/\/api.w.org\/{rel}","templated":true}]}}